{"id":73,"date":"2025-10-12T14:02:19","date_gmt":"2025-10-12T17:02:19","guid":{"rendered":"https:\/\/www.brweb.emp.br\/sitio\/services\/"},"modified":"2025-10-13T08:20:33","modified_gmt":"2025-10-13T11:20:33","slug":"services","status":"publish","type":"page","link":"https:\/\/www.brweb.emp.br\/sitio\/services\/","title":{"rendered":"Services"},"content":{"rendered":"\n\n\n<h6>Explore uma ampla gama de servi\u00e7os especializados em tecnologia da informa\u00e7\u00e3o que garantem o sucesso do seu neg\u00f3cio no cen\u00e1rio digital.<\/h6>\n\n<h2>Nossos Servi\u00e7os<\/h2>\n\n\n<p style=\"text-align: justify;\">Oferecemos consultoria estrat\u00e9gica para otimizar sua infraestrutura de TI, assegurando que sua empresa opere de forma eficiente e segura.<\/p>\n\n\n<p style=\"text-align: justify;\">Criamos solu\u00e7\u00f5es de software sob medida que se alinham perfeitamente \u00e0s suas necessidades espec\u00edficas, garantindo a inova\u00e7\u00e3o e a competitividade no mercado.<\/p>\n\n\n<p style=\"text-align: justify;\">Nossos especialistas em gest\u00e3o de projetos garantem que suas iniciativas sejam implementadas de maneira eficaz, respeitando prazos, or\u00e7amentos e objetivos estabelecidos.<\/p>\n\n\n\n\n<p style=\"text-align: justify;\">Apoio completo na implementa\u00e7\u00e3o de sistemas, assegurando uma transi\u00e7\u00e3o tranquila e funcional, com foco na maximiza\u00e7\u00e3o dos resultados.<\/p>\n\n\n<p style=\"text-align: justify;\">Oferecemos suporte cont\u00ednuo para garantir que suas opera\u00e7\u00f5es di\u00e1rias sejam realizadas sem interrup\u00e7\u00f5es e com a m\u00e1xima efici\u00eancia.<\/p>\n\n\n<p style=\"text-align: justify;\">Capacite sua equipe com nossos programas de treinamento personalizados, que visam melhorar o aproveitamento das tecnologias adotadas.<\/p>\n\n\n\n\n\n\n<h6>Nossos Planos de hospedagem web com emails profissionais<\/h6>\n<p style=\"text-align: center;\">Nosso diferencial \u00e9 a assessoria personalizada com \u00eanfase em privacidade e seguran\u00e7a<\/p>\n\n<h2>Escolha um plano adequado (Em atualiza\u00e7\u00e3o)<\/h2>\n\n\n\nInfraestrutura de email profissional\nSuporte 24\/7\nConsultoria Estrat\u00e9gica\nDesenvolvimento Personalizado\n\n\n\n\nInfraestrutura Completa\nSuporte 24\/7\nConsultoria Estrat\u00e9gica\nDesenvolvimento Personalizado\n\n\n\n\nInfraestrutura Completa\nSuporte 24\/7\nConsultoria Estrat\u00e9gica\nDesenvolvimento Personalizado\n\n\n\n\n\n\n\n<h6>Depoimentos de Clientes<\/h6>\n\n<h2>O que nossos clientes dizem sobre n\u00f3s<\/h2>\n\n\n\n\n\n\n\n\n\nA BRWEB foi muito precisa na forma que nos deu o suporte. S\u00e3o muito atenciosos e cumpriram o prazo como previsto\n\n\n\n\n\n\n\n\n\n\n\n<h6>Confira alguns dos nossos projetos mais impactantes e veja como ajudamos nossos clientes a crescer.<\/h6>\n\n<h2>Nosso Portf\u00f3lio<\/h2>\n\n\n<p>Desenvolvimento de uma plataforma de gest\u00e3o de recursos para otimiza\u00e7\u00e3o de processos.<\/p>\n<p>Implementa\u00e7\u00e3o de um sistema integrado para uma rede de varejo.<\/p>\n\n\n<p>Consultoria em infraestrutura para um grande cliente do setor de sa\u00fade.<\/p>\n<p>Desenvolvimento de uma aplica\u00e7\u00e3o mobile voltada para com\u00e9rcio eletr\u00f4nico.<\/p>\n\n\n<p>Estrat\u00e9gia de seguran\u00e7a cibern\u00e9tica para uma empresa de tecnologia.<\/p>\n<p>Apoio na transforma\u00e7\u00e3o digital de uma empresa tradicional do setor industrial.<\/p>\n\n\n\n\n","protected":false},"excerpt":{"rendered":"","protected":false},"author":1,"featured_media":0,"parent":0,"menu_order":0,"comment_status":"closed","ping_status":"closed","template":"","meta":{"pagelayer_contact_templates":[],"_pagelayer_content":"","footnotes":""},"class_list":["post-73","page","type-page","status-publish","hentry"],"_links":{"self":[{"href":"https:\/\/www.brweb.emp.br\/sitio\/wp-json\/wp\/v2\/pages\/73","targetHints":{"allow":["GET"]}}],"collection":[{"href":"https:\/\/www.brweb.emp.br\/sitio\/wp-json\/wp\/v2\/pages"}],"about":[{"href":"https:\/\/www.brweb.emp.br\/sitio\/wp-json\/wp\/v2\/types\/page"}],"author":[{"embeddable":true,"href":"https:\/\/www.brweb.emp.br\/sitio\/wp-json\/wp\/v2\/users\/1"}],"replies":[{"embeddable":true,"href":"https:\/\/www.brweb.emp.br\/sitio\/wp-json\/wp\/v2\/comments?post=73"}],"version-history":[{"count":12,"href":"https:\/\/www.brweb.emp.br\/sitio\/wp-json\/wp\/v2\/pages\/73\/revisions"}],"predecessor-version":[{"id":123,"href":"https:\/\/www.brweb.emp.br\/sitio\/wp-json\/wp\/v2\/pages\/73\/revisions\/123"}],"wp:attachment":[{"href":"https:\/\/www.brweb.emp.br\/sitio\/wp-json\/wp\/v2\/media?parent=73"}],"curies":[{"name":"wp","href":"https:\/\/api.w.org\/{rel}","templated":true}]}}